{"id":8,"date":"2021-09-26T22:09:30","date_gmt":"2021-09-26T20:09:30","guid":{"rendered":"http:\/\/paturpaysage.com\/?page_id=8"},"modified":"2021-10-05T08:34:49","modified_gmt":"2021-10-05T06:34:49","slug":"contact","status":"publish","type":"page","link":"https:\/\/paturpaysage.com\/index.php\/contact\/","title":{"rendered":"Nous trouver"},"content":{"rendered":"\n<iframe src=\"https:\/\/www.google.com\/maps\/embed?pb=!1m18!1m12!1m3!1d72139.29974684305!2d0.5749160782404743!3d48.230409780735606!2m3!1f0!2f0!3f0!3m2!1i1024!2i768!4f13.1!3m3!1m2!1s0x47e25286d6f8f14f%3A0xc08846187df79a16!2sLa%20Durandi%C3%A8re%2C%2072400%20Souvign%C3%A9-sur-M%C3%AAme!5e0!3m2!1sfr!2sfr!4v1632748550414!5m2!1sfr!2sfr\" style=\"border:0;\" allowfullscreen=\"\" loading=\"lazy\" width=\"600\" height=\"450\"><\/iframe>\n\n\n\n<div style=\"height:126px\" aria-hidden=\"true\" class=\"wp-block-spacer\"><\/div>\n\n\n\n<p>Nous intervenons :<\/p>\n\n\n\n<div style=\"height:20px\" aria-hidden=\"true\" class=\"wp-block-spacer\"><\/div>\n\n\n\n<p><strong>72400 :<\/strong> Avez\u00e9 \/ Bo\u00ebss\u00e9-le-Sec \/ Cherr\u00e9 \/ Cherreau \/ Cormes \/ Dehault \/ La Bosse \/ La Chapelle-du-Bois \/ La Fert\u00e9-Bernard \/ Saint-Aubin-des-Coudrais \/ Saint-Martin-des-Monts \/ Souvign\u00e9-sur-M\u00eame \/ Pr\u00e9val \/ Villaines-la-Gonais <\/p>\n\n\n\n<div style=\"height:20px\" aria-hidden=\"true\" class=\"wp-block-spacer\"><\/div>\n\n\n\n<p><strong>72320<\/strong> : Courgenard \/ Gr\u00e9ez-sur-roc \/ Lamay \/ Melleray \/ Montmirail \/ Saint-jean-des-\u00e9chelles \/ Saint-maixent \/ Saint-ulphace \/ Th\u00e9ligny \/ Vibraye<\/p>\n\n\n\n<div style=\"height:20px\" aria-hidden=\"true\" class=\"wp-block-spacer\"><\/div>\n\n\n\n<p><strong>61340 :<\/strong> Berd&#8217;huis, Danc\u00e9, Noc\u00e9, Perche-en-noc\u00e9, Pr\u00e9aux-du-perche, Saint-agnan-sur-erre, Saint-hilaire-sur-erre, Saint-pierre-la-bruy\u00e8re, Val-au-perche<\/p>\n\n\n\n<div style=\"height:20px\" aria-hidden=\"true\" class=\"wp-block-spacer\"><\/div>\n\n\n\n<p><strong>61260<\/strong> : Ceton \/ L&#8217;Hermiti\u00e8re \/ Val-Au-Perche (G\u00e9mages \/ La Rouge \/ Le Theil-sur-Huisne \/ L&#8217;Hermiti\u00e8re \/ M\u00e2le \/ Saint-Agnan-sur-Erre)<\/p>\n\n\n\n<div style=\"height:20px\" aria-hidden=\"true\" class=\"wp-block-spacer\"><\/div>\n\n\n\n<p><strong>61130 : <\/strong>Bell\u00eame \/ Bellou-le-trichard \/ Dame-Marie \/ G\u00e9mages \/ La Chapelle-sou\u00ebf \/ Saint-cyr-la-rosi\u00e8re \/ Saint-germain-de-la-coudre \/ Saint-Martin-du-vieux-bell\u00eame \/ S\u00e9rigny \/ Val-au-perche<\/p>\n\n\n\n<div style=\"height:20px\" aria-hidden=\"true\" class=\"wp-block-spacer\"><\/div>\n\n\n\n<p><strong>28400<\/strong> : Brunelles, Champrond-en-perchet, La Gaudaine, Margon, Nogent-le-rotrou, Souanc\u00e9-au-perche, Trizay-coutretot-saint-serge<\/p>\n\n\n\n<div style=\"height:20px\" aria-hidden=\"true\" class=\"wp-block-spacer\"><\/div>\n\n\n\n<p><strong>28330 :<\/strong> Authon-du-perche, B\u00e9thonvilliers, Coudray-au-perche, Les-Etilleux<\/p>\n\n\n\n<div style=\"height:20px\" aria-hidden=\"true\" class=\"wp-block-spacer\"><\/div>\n\n\n\n<div style=\"height:100px\" aria-hidden=\"true\" class=\"wp-block-spacer\"><\/div>\n","protected":false},"excerpt":{"rendered":"<p>Nous intervenons : 72400 : Avez\u00e9 \/ Bo\u00ebss\u00e9-le-Sec \/ Cherr\u00e9 \/ Cherreau \/ Cormes \/ Dehault \/ La Bosse \/ La Chapelle-du-Bois \/ La Fert\u00e9-Bernard \/ Saint-Aubin-des-Coudrais \/ Saint-Martin-des-Monts \/ Souvign\u00e9-sur-M\u00eame \/ Pr\u00e9val \/ Villaines-la-Gonais 72320 : Courgenard \/ Gr\u00e9ez-sur-roc \/ Lamay \/ Melleray \/ Montmirail \/ Saint-jean-des-\u00e9chelles \/ Saint-maixent \/ Saint-ulphace \/ Th\u00e9ligny \/ [&hellip;]<\/p>\n","protected":false},"author":1,"featured_media":0,"parent":0,"menu_order":0,"comment_status":"closed","ping_status":"closed","template":"","meta":[],"_links":{"self":[{"href":"https:\/\/paturpaysage.com\/index.php\/wp-json\/wp\/v2\/pages\/8"}],"collection":[{"href":"https:\/\/paturpaysage.com\/index.php\/wp-json\/wp\/v2\/pages"}],"about":[{"href":"https:\/\/paturpaysage.com\/index.php\/wp-json\/wp\/v2\/types\/page"}],"author":[{"embeddable":true,"href":"https:\/\/paturpaysage.com\/index.php\/wp-json\/wp\/v2\/users\/1"}],"replies":[{"embeddable":true,"href":"https:\/\/paturpaysage.com\/index.php\/wp-json\/wp\/v2\/comments?post=8"}],"version-history":[{"count":27,"href":"https:\/\/paturpaysage.com\/index.php\/wp-json\/wp\/v2\/pages\/8\/revisions"}],"predecessor-version":[{"id":462,"href":"https:\/\/paturpaysage.com\/index.php\/wp-json\/wp\/v2\/pages\/8\/revisions\/462"}],"wp:attachment":[{"href":"https:\/\/paturpaysage.com\/index.php\/wp-json\/wp\/v2\/media?parent=8"}],"curies":[{"name":"wp","href":"https:\/\/api.w.org\/{rel}","templated":true}]}}