{"id":600,"date":"2022-11-28T21:21:11","date_gmt":"2022-11-28T20:21:11","guid":{"rendered":"http:\/\/paturpaysage.com\/?page_id=600"},"modified":"2022-12-01T21:33:10","modified_gmt":"2022-12-01T20:33:10","slug":"les-moutons","status":"publish","type":"page","link":"https:\/\/paturpaysage.com\/index.php\/les-moutons\/","title":{"rendered":"Les moutons"},"content":{"rendered":"\n<div style=\"height:22px\" aria-hidden=\"true\" class=\"wp-block-spacer\"><\/div>\n\n\n\n<p>Nos 25 moutons sont tous de race \u2018Shropshire\u2019. <\/p>\n\n\n\n<p>Ces moutons de gros gabarit ont la particularit\u00e9 de ne jamais toucher \u00e0 l&#8217;\u00e9corce des arbres et sont donc particuli\u00e8rement adapt\u00e9s au p\u00e2turage des parcelles arbor\u00e9es <\/p>\n\n\n\n<div style=\"height:20px\" aria-hidden=\"true\" class=\"wp-block-spacer\"><\/div>\n\n\n\n<figure class=\"wp-block-image size-large is-style-default\"><img loading=\"lazy\" width=\"1024\" height=\"597\" src=\"http:\/\/paturpaysage.com\/wp-content\/uploads\/2022\/11\/IMG_3701-1024x597.jpg\" alt=\"\" class=\"wp-image-605\" srcset=\"https:\/\/paturpaysage.com\/wp-content\/uploads\/2022\/11\/IMG_3701-1024x597.jpg 1024w, https:\/\/paturpaysage.com\/wp-content\/uploads\/2022\/11\/IMG_3701-300x175.jpg 300w, https:\/\/paturpaysage.com\/wp-content\/uploads\/2022\/11\/IMG_3701-768x448.jpg 768w, https:\/\/paturpaysage.com\/wp-content\/uploads\/2022\/11\/IMG_3701-1536x895.jpg 1536w, https:\/\/paturpaysage.com\/wp-content\/uploads\/2022\/11\/IMG_3701-2048x1194.jpg 2048w, https:\/\/paturpaysage.com\/wp-content\/uploads\/2022\/11\/IMG_3701-1x1.jpg 1w\" sizes=\"(max-width: 1024px) 100vw, 1024px\" \/><\/figure>\n\n\n\n<figure class=\"wp-block-image size-large is-style-default\"><img loading=\"lazy\" width=\"1024\" height=\"621\" src=\"http:\/\/paturpaysage.com\/wp-content\/uploads\/2022\/11\/IMG_3704-1024x621.jpg\" alt=\"\" class=\"wp-image-606\" srcset=\"https:\/\/paturpaysage.com\/wp-content\/uploads\/2022\/11\/IMG_3704-1024x621.jpg 1024w, https:\/\/paturpaysage.com\/wp-content\/uploads\/2022\/11\/IMG_3704-300x182.jpg 300w, https:\/\/paturpaysage.com\/wp-content\/uploads\/2022\/11\/IMG_3704-768x466.jpg 768w, https:\/\/paturpaysage.com\/wp-content\/uploads\/2022\/11\/IMG_3704-1536x932.jpg 1536w, https:\/\/paturpaysage.com\/wp-content\/uploads\/2022\/11\/IMG_3704-2048x1243.jpg 2048w, https:\/\/paturpaysage.com\/wp-content\/uploads\/2022\/11\/IMG_3704-1x1.jpg 1w\" sizes=\"(max-width: 1024px) 100vw, 1024px\" \/><\/figure>\n\n\n\n<figure class=\"wp-block-image size-large is-style-default\"><img loading=\"lazy\" width=\"1024\" height=\"752\" src=\"http:\/\/paturpaysage.com\/wp-content\/uploads\/2022\/11\/IMG_3702-1024x752.jpg\" alt=\"\" class=\"wp-image-607\" srcset=\"https:\/\/paturpaysage.com\/wp-content\/uploads\/2022\/11\/IMG_3702-1024x752.jpg 1024w, https:\/\/paturpaysage.com\/wp-content\/uploads\/2022\/11\/IMG_3702-300x220.jpg 300w, https:\/\/paturpaysage.com\/wp-content\/uploads\/2022\/11\/IMG_3702-768x564.jpg 768w, https:\/\/paturpaysage.com\/wp-content\/uploads\/2022\/11\/IMG_3702-1536x1129.jpg 1536w, https:\/\/paturpaysage.com\/wp-content\/uploads\/2022\/11\/IMG_3702-2048x1505.jpg 2048w, https:\/\/paturpaysage.com\/wp-content\/uploads\/2022\/11\/IMG_3702-1x1.jpg 1w\" sizes=\"(max-width: 1024px) 100vw, 1024px\" \/><\/figure>\n\n\n\n<figure class=\"wp-block-image size-large is-style-default\"><img loading=\"lazy\" width=\"1024\" height=\"768\" src=\"http:\/\/paturpaysage.com\/wp-content\/uploads\/2022\/11\/IMG_3706-1024x768.jpg\" alt=\"\" class=\"wp-image-608\" srcset=\"https:\/\/paturpaysage.com\/wp-content\/uploads\/2022\/11\/IMG_3706-1024x768.jpg 1024w, https:\/\/paturpaysage.com\/wp-content\/uploads\/2022\/11\/IMG_3706-300x225.jpg 300w, https:\/\/paturpaysage.com\/wp-content\/uploads\/2022\/11\/IMG_3706-768x576.jpg 768w, https:\/\/paturpaysage.com\/wp-content\/uploads\/2022\/11\/IMG_3706-1536x1152.jpg 1536w, https:\/\/paturpaysage.com\/wp-content\/uploads\/2022\/11\/IMG_3706-2048x1536.jpg 2048w, https:\/\/paturpaysage.com\/wp-content\/uploads\/2022\/11\/IMG_3706-1x1.jpg 1w\" sizes=\"(max-width: 1024px) 100vw, 1024px\" \/><\/figure>\n\n\n\n<figure class=\"wp-block-image size-large is-style-default\"><img loading=\"lazy\" width=\"1024\" height=\"768\" src=\"http:\/\/paturpaysage.com\/wp-content\/uploads\/2022\/11\/IMG_3707-1024x768.jpg\" alt=\"\" class=\"wp-image-612\" srcset=\"https:\/\/paturpaysage.com\/wp-content\/uploads\/2022\/11\/IMG_3707-1024x768.jpg 1024w, https:\/\/paturpaysage.com\/wp-content\/uploads\/2022\/11\/IMG_3707-300x225.jpg 300w, https:\/\/paturpaysage.com\/wp-content\/uploads\/2022\/11\/IMG_3707-768x576.jpg 768w, https:\/\/paturpaysage.com\/wp-content\/uploads\/2022\/11\/IMG_3707-1536x1152.jpg 1536w, https:\/\/paturpaysage.com\/wp-content\/uploads\/2022\/11\/IMG_3707-2048x1536.jpg 2048w, https:\/\/paturpaysage.com\/wp-content\/uploads\/2022\/11\/IMG_3707-1x1.jpg 1w\" sizes=\"(max-width: 1024px) 100vw, 1024px\" \/><\/figure>\n\n\n\n<figure class=\"wp-block-image size-large is-style-default\"><img loading=\"lazy\" width=\"1024\" height=\"577\" src=\"http:\/\/paturpaysage.com\/wp-content\/uploads\/2022\/11\/IMG_3349-1024x577.jpg\" alt=\"\" class=\"wp-image-610\" srcset=\"https:\/\/paturpaysage.com\/wp-content\/uploads\/2022\/11\/IMG_3349-1024x577.jpg 1024w, https:\/\/paturpaysage.com\/wp-content\/uploads\/2022\/11\/IMG_3349-300x169.jpg 300w, https:\/\/paturpaysage.com\/wp-content\/uploads\/2022\/11\/IMG_3349-768x432.jpg 768w, https:\/\/paturpaysage.com\/wp-content\/uploads\/2022\/11\/IMG_3349-1536x865.jpg 1536w, https:\/\/paturpaysage.com\/wp-content\/uploads\/2022\/11\/IMG_3349-2048x1153.jpg 2048w, https:\/\/paturpaysage.com\/wp-content\/uploads\/2022\/11\/IMG_3349-1x1.jpg 1w\" sizes=\"(max-width: 1024px) 100vw, 1024px\" \/><\/figure>\n","protected":false},"excerpt":{"rendered":"<p>Nos 25 moutons sont tous de race \u2018Shropshire\u2019. Ces moutons de gros gabarit ont la particularit\u00e9 de ne jamais toucher \u00e0 l&#8217;\u00e9corce des arbres et sont donc particuli\u00e8rement adapt\u00e9s au p\u00e2turage des parcelles arbor\u00e9es<\/p>\n","protected":false},"author":1,"featured_media":0,"parent":0,"menu_order":0,"comment_status":"closed","ping_status":"closed","template":"","meta":[],"_links":{"self":[{"href":"https:\/\/paturpaysage.com\/index.php\/wp-json\/wp\/v2\/pages\/600"}],"collection":[{"href":"https:\/\/paturpaysage.com\/index.php\/wp-json\/wp\/v2\/pages"}],"about":[{"href":"https:\/\/paturpaysage.com\/index.php\/wp-json\/wp\/v2\/types\/page"}],"author":[{"embeddable":true,"href":"https:\/\/paturpaysage.com\/index.php\/wp-json\/wp\/v2\/users\/1"}],"replies":[{"embeddable":true,"href":"https:\/\/paturpaysage.com\/index.php\/wp-json\/wp\/v2\/comments?post=600"}],"version-history":[{"count":5,"href":"https:\/\/paturpaysage.com\/index.php\/wp-json\/wp\/v2\/pages\/600\/revisions"}],"predecessor-version":[{"id":651,"href":"https:\/\/paturpaysage.com\/index.php\/wp-json\/wp\/v2\/pages\/600\/revisions\/651"}],"wp:attachment":[{"href":"https:\/\/paturpaysage.com\/index.php\/wp-json\/wp\/v2\/media?parent=600"}],"curies":[{"name":"wp","href":"https:\/\/api.w.org\/{rel}","templated":true}]}}