{"id":537,"date":"2022-01-07T21:53:14","date_gmt":"2022-01-07T20:53:14","guid":{"rendered":"http:\/\/paturpaysage.com\/?page_id=537"},"modified":"2022-01-07T22:13:15","modified_gmt":"2022-01-07T21:13:15","slug":"terrassement-2","status":"publish","type":"page","link":"https:\/\/paturpaysage.com\/index.php\/terrassement-2\/","title":{"rendered":"Terrassement"},"content":{"rendered":"\n<div style=\"height:44px\" aria-hidden=\"true\" class=\"wp-block-spacer\"><\/div>\n\n\n\n<hr class=\"wp-block-separator\"\/>\n\n\n\n<div style=\"height:22px\" aria-hidden=\"true\" class=\"wp-block-spacer\"><\/div>\n\n\n\n<p>Pensez \u00e9galement \u00e0 Patur Paysage pour vos travaux de terrassement : passage de r\u00e9seaux,  r\u00e9alisation de tranch\u00e9es,  cr\u00e9ation de talus, r\u00e9alisation de zones de stationnement, etc&#8230;<\/p>\n\n\n\n<div style=\"height:45px\" aria-hidden=\"true\" class=\"wp-block-spacer\"><\/div>\n\n\n\n<figure class=\"wp-block-gallery columns-2 is-cropped\"><ul class=\"blocks-gallery-grid\"><li class=\"blocks-gallery-item\"><figure><img loading=\"lazy\" width=\"1024\" height=\"842\" src=\"http:\/\/paturpaysage.com\/wp-content\/uploads\/2022\/01\/IMG_2644-2-1024x842.jpg\" alt=\"\" data-id=\"551\" data-full-url=\"http:\/\/paturpaysage.com\/wp-content\/uploads\/2022\/01\/IMG_2644-2-scaled.jpg\" data-link=\"http:\/\/paturpaysage.com\/index.php\/terrassement-2\/img_2644-2\/\" class=\"wp-image-551\" srcset=\"https:\/\/paturpaysage.com\/wp-content\/uploads\/2022\/01\/IMG_2644-2-1024x842.jpg 1024w, https:\/\/paturpaysage.com\/wp-content\/uploads\/2022\/01\/IMG_2644-2-300x247.jpg 300w, https:\/\/paturpaysage.com\/wp-content\/uploads\/2022\/01\/IMG_2644-2-768x632.jpg 768w, https:\/\/paturpaysage.com\/wp-content\/uploads\/2022\/01\/IMG_2644-2-1536x1263.jpg 1536w, https:\/\/paturpaysage.com\/wp-content\/uploads\/2022\/01\/IMG_2644-2-2048x1684.jpg 2048w, https:\/\/paturpaysage.com\/wp-content\/uploads\/2022\/01\/IMG_2644-2-1x1.jpg 1w\" sizes=\"(max-width: 1024px) 100vw, 1024px\" \/><\/figure><\/li><li class=\"blocks-gallery-item\"><figure><img loading=\"lazy\" width=\"1024\" height=\"946\" src=\"http:\/\/paturpaysage.com\/wp-content\/uploads\/2022\/01\/IMG_2647-2-1024x946.jpg\" alt=\"\" data-id=\"553\" data-full-url=\"http:\/\/paturpaysage.com\/wp-content\/uploads\/2022\/01\/IMG_2647-2-scaled.jpg\" data-link=\"http:\/\/paturpaysage.com\/index.php\/terrassement-2\/img_2647-2\/\" class=\"wp-image-553\" srcset=\"https:\/\/paturpaysage.com\/wp-content\/uploads\/2022\/01\/IMG_2647-2-1024x946.jpg 1024w, https:\/\/paturpaysage.com\/wp-content\/uploads\/2022\/01\/IMG_2647-2-300x277.jpg 300w, https:\/\/paturpaysage.com\/wp-content\/uploads\/2022\/01\/IMG_2647-2-768x709.jpg 768w, https:\/\/paturpaysage.com\/wp-content\/uploads\/2022\/01\/IMG_2647-2-1536x1419.jpg 1536w, https:\/\/paturpaysage.com\/wp-content\/uploads\/2022\/01\/IMG_2647-2-2048x1892.jpg 2048w, https:\/\/paturpaysage.com\/wp-content\/uploads\/2022\/01\/IMG_2647-2-1x1.jpg 1w\" sizes=\"(max-width: 1024px) 100vw, 1024px\" \/><\/figure><\/li><\/ul><\/figure>\n","protected":false},"excerpt":{"rendered":"<p>Pensez \u00e9galement \u00e0 Patur Paysage pour vos travaux de terrassement : passage de r\u00e9seaux, r\u00e9alisation de tranch\u00e9es, cr\u00e9ation de talus, r\u00e9alisation de zones de stationnement, etc&#8230;<\/p>\n","protected":false},"author":1,"featured_media":0,"parent":0,"menu_order":0,"comment_status":"closed","ping_status":"closed","template":"","meta":[],"_links":{"self":[{"href":"https:\/\/paturpaysage.com\/index.php\/wp-json\/wp\/v2\/pages\/537"}],"collection":[{"href":"https:\/\/paturpaysage.com\/index.php\/wp-json\/wp\/v2\/pages"}],"about":[{"href":"https:\/\/paturpaysage.com\/index.php\/wp-json\/wp\/v2\/types\/page"}],"author":[{"embeddable":true,"href":"https:\/\/paturpaysage.com\/index.php\/wp-json\/wp\/v2\/users\/1"}],"replies":[{"embeddable":true,"href":"https:\/\/paturpaysage.com\/index.php\/wp-json\/wp\/v2\/comments?post=537"}],"version-history":[{"count":7,"href":"https:\/\/paturpaysage.com\/index.php\/wp-json\/wp\/v2\/pages\/537\/revisions"}],"predecessor-version":[{"id":554,"href":"https:\/\/paturpaysage.com\/index.php\/wp-json\/wp\/v2\/pages\/537\/revisions\/554"}],"wp:attachment":[{"href":"https:\/\/paturpaysage.com\/index.php\/wp-json\/wp\/v2\/media?parent=537"}],"curies":[{"name":"wp","href":"https:\/\/api.w.org\/{rel}","templated":true}]}}