{"id":200,"date":"2021-09-27T21:55:53","date_gmt":"2021-09-27T19:55:53","guid":{"rendered":"http:\/\/paturpaysage.com\/?page_id=200"},"modified":"2021-10-03T22:28:07","modified_gmt":"2021-10-03T20:28:07","slug":"les-installations","status":"publish","type":"page","link":"https:\/\/paturpaysage.com\/index.php\/les-installations\/","title":{"rendered":"Les installations"},"content":{"rendered":"\n<div style=\"height:20px\" aria-hidden=\"true\" class=\"wp-block-spacer\"><\/div>\n\n\n\n<hr class=\"wp-block-separator\"\/>\n\n\n\n<div style=\"height:76px\" aria-hidden=\"true\" class=\"wp-block-spacer\"><\/div>\n\n\n\n<h2>Abri<\/h2>\n\n\n\n<div style=\"height:20px\" aria-hidden=\"true\" class=\"wp-block-spacer\"><\/div>\n\n\n\n<figure class=\"wp-block-gallery columns-2 is-cropped\"><ul class=\"blocks-gallery-grid\"><li class=\"blocks-gallery-item\"><figure><img loading=\"lazy\" width=\"1024\" height=\"768\" src=\"http:\/\/paturpaysage.com\/wp-content\/uploads\/2021\/10\/IMG_1906-1-1024x768.jpg\" alt=\"\" data-id=\"391\" data-full-url=\"http:\/\/paturpaysage.com\/wp-content\/uploads\/2021\/10\/IMG_1906-1-scaled.jpg\" data-link=\"http:\/\/paturpaysage.com\/index.php\/les-installations\/img_1906-1\/\" class=\"wp-image-391\" srcset=\"https:\/\/paturpaysage.com\/wp-content\/uploads\/2021\/10\/IMG_1906-1-1024x768.jpg 1024w, https:\/\/paturpaysage.com\/wp-content\/uploads\/2021\/10\/IMG_1906-1-300x225.jpg 300w, https:\/\/paturpaysage.com\/wp-content\/uploads\/2021\/10\/IMG_1906-1-768x576.jpg 768w, https:\/\/paturpaysage.com\/wp-content\/uploads\/2021\/10\/IMG_1906-1-1536x1152.jpg 1536w, https:\/\/paturpaysage.com\/wp-content\/uploads\/2021\/10\/IMG_1906-1-2048x1536.jpg 2048w, https:\/\/paturpaysage.com\/wp-content\/uploads\/2021\/10\/IMG_1906-1-1x1.jpg 1w\" sizes=\"(max-width: 1024px) 100vw, 1024px\" \/><\/figure><\/li><li class=\"blocks-gallery-item\"><figure><img loading=\"lazy\" width=\"1024\" height=\"768\" src=\"http:\/\/paturpaysage.com\/wp-content\/uploads\/2021\/10\/IMG_1904-1-1024x768.jpg\" alt=\"\" data-id=\"403\" data-full-url=\"http:\/\/paturpaysage.com\/wp-content\/uploads\/2021\/10\/IMG_1904-1-scaled.jpg\" data-link=\"http:\/\/paturpaysage.com\/index.php\/les-installations\/img_1904-1\/\" class=\"wp-image-403\" srcset=\"https:\/\/paturpaysage.com\/wp-content\/uploads\/2021\/10\/IMG_1904-1-1024x768.jpg 1024w, https:\/\/paturpaysage.com\/wp-content\/uploads\/2021\/10\/IMG_1904-1-300x225.jpg 300w, https:\/\/paturpaysage.com\/wp-content\/uploads\/2021\/10\/IMG_1904-1-768x576.jpg 768w, https:\/\/paturpaysage.com\/wp-content\/uploads\/2021\/10\/IMG_1904-1-1536x1152.jpg 1536w, https:\/\/paturpaysage.com\/wp-content\/uploads\/2021\/10\/IMG_1904-1-2048x1536.jpg 2048w, https:\/\/paturpaysage.com\/wp-content\/uploads\/2021\/10\/IMG_1904-1-1x1.jpg 1w\" sizes=\"(max-width: 1024px) 100vw, 1024px\" \/><\/figure><\/li><li class=\"blocks-gallery-item\"><figure><img loading=\"lazy\" width=\"1024\" height=\"768\" src=\"http:\/\/paturpaysage.com\/wp-content\/uploads\/2021\/09\/IMG_1990-1024x768.jpg\" alt=\"\" data-id=\"86\" class=\"wp-image-86\" srcset=\"https:\/\/paturpaysage.com\/wp-content\/uploads\/2021\/09\/IMG_1990-1024x768.jpg 1024w, https:\/\/paturpaysage.com\/wp-content\/uploads\/2021\/09\/IMG_1990-300x225.jpg 300w, https:\/\/paturpaysage.com\/wp-content\/uploads\/2021\/09\/IMG_1990-768x576.jpg 768w, https:\/\/paturpaysage.com\/wp-content\/uploads\/2021\/09\/IMG_1990-1536x1152.jpg 1536w, https:\/\/paturpaysage.com\/wp-content\/uploads\/2021\/09\/IMG_1990-2048x1536.jpg 2048w, https:\/\/paturpaysage.com\/wp-content\/uploads\/2021\/09\/IMG_1990-1x1.jpg 1w\" sizes=\"(max-width: 1024px) 100vw, 1024px\" \/><\/figure><\/li><\/ul><\/figure>\n\n\n\n<figure class=\"wp-block-image size-large is-style-default\"><img loading=\"lazy\" width=\"1024\" height=\"797\" src=\"http:\/\/paturpaysage.com\/wp-content\/uploads\/2021\/10\/IMG_1879-1024x797.jpg\" alt=\"\" class=\"wp-image-388\" srcset=\"https:\/\/paturpaysage.com\/wp-content\/uploads\/2021\/10\/IMG_1879-1024x797.jpg 1024w, https:\/\/paturpaysage.com\/wp-content\/uploads\/2021\/10\/IMG_1879-300x233.jpg 300w, https:\/\/paturpaysage.com\/wp-content\/uploads\/2021\/10\/IMG_1879-768x597.jpg 768w, https:\/\/paturpaysage.com\/wp-content\/uploads\/2021\/10\/IMG_1879-1536x1195.jpg 1536w, https:\/\/paturpaysage.com\/wp-content\/uploads\/2021\/10\/IMG_1879-2048x1593.jpg 2048w, https:\/\/paturpaysage.com\/wp-content\/uploads\/2021\/10\/IMG_1879-1x1.jpg 1w\" sizes=\"(max-width: 1024px) 100vw, 1024px\" \/><\/figure>\n\n\n\n<p>Cabane en kit confectionn\u00e9e par PATUR PAYSAGE <\/p>\n\n\n\n<p>Structure et planches en bois Douglas issu d&#8217;une scierie locale<\/p>\n\n\n\n<p>Toiture en t\u00f4le bac acier <\/p>\n\n\n\n<div style=\"height:100px\" aria-hidden=\"true\" class=\"wp-block-spacer\"><\/div>\n\n\n\n<hr class=\"wp-block-separator\"\/>\n\n\n\n<div style=\"height:32px\" aria-hidden=\"true\" class=\"wp-block-spacer\"><\/div>\n\n\n\n<h2>Cl\u00f4ture<\/h2>\n\n\n\n<div style=\"height:20px\" aria-hidden=\"true\" class=\"wp-block-spacer\"><\/div>\n\n\n\n<figure class=\"wp-block-gallery columns-2 is-cropped\"><ul class=\"blocks-gallery-grid\"><li class=\"blocks-gallery-item\"><figure><img loading=\"lazy\" width=\"1024\" height=\"768\" src=\"http:\/\/paturpaysage.com\/wp-content\/uploads\/2021\/09\/IMG_1979-1024x768.jpg\" alt=\"\" data-id=\"138\" class=\"wp-image-138\" srcset=\"https:\/\/paturpaysage.com\/wp-content\/uploads\/2021\/09\/IMG_1979-1024x768.jpg 1024w, https:\/\/paturpaysage.com\/wp-content\/uploads\/2021\/09\/IMG_1979-300x225.jpg 300w, https:\/\/paturpaysage.com\/wp-content\/uploads\/2021\/09\/IMG_1979-768x576.jpg 768w, https:\/\/paturpaysage.com\/wp-content\/uploads\/2021\/09\/IMG_1979-1536x1152.jpg 1536w, https:\/\/paturpaysage.com\/wp-content\/uploads\/2021\/09\/IMG_1979-2048x1536.jpg 2048w, https:\/\/paturpaysage.com\/wp-content\/uploads\/2021\/09\/IMG_1979-1x1.jpg 1w\" sizes=\"(max-width: 1024px) 100vw, 1024px\" \/><\/figure><\/li><li class=\"blocks-gallery-item\"><figure><img loading=\"lazy\" width=\"1024\" height=\"768\" src=\"http:\/\/paturpaysage.com\/wp-content\/uploads\/2021\/10\/IMG_1886-1024x768.jpg\" alt=\"\" data-id=\"395\" data-full-url=\"http:\/\/paturpaysage.com\/wp-content\/uploads\/2021\/10\/IMG_1886-scaled.jpg\" data-link=\"http:\/\/paturpaysage.com\/index.php\/les-installations\/img_1886\/\" class=\"wp-image-395\" srcset=\"https:\/\/paturpaysage.com\/wp-content\/uploads\/2021\/10\/IMG_1886-1024x768.jpg 1024w, https:\/\/paturpaysage.com\/wp-content\/uploads\/2021\/10\/IMG_1886-300x225.jpg 300w, https:\/\/paturpaysage.com\/wp-content\/uploads\/2021\/10\/IMG_1886-768x576.jpg 768w, https:\/\/paturpaysage.com\/wp-content\/uploads\/2021\/10\/IMG_1886-1536x1152.jpg 1536w, https:\/\/paturpaysage.com\/wp-content\/uploads\/2021\/10\/IMG_1886-2048x1536.jpg 2048w, https:\/\/paturpaysage.com\/wp-content\/uploads\/2021\/10\/IMG_1886-1x1.jpg 1w\" sizes=\"(max-width: 1024px) 100vw, 1024px\" \/><\/figure><\/li><li class=\"blocks-gallery-item\"><figure><img loading=\"lazy\" width=\"1024\" height=\"768\" src=\"http:\/\/paturpaysage.com\/wp-content\/uploads\/2021\/10\/IMG_1883-1024x768.jpg\" alt=\"\" data-id=\"393\" data-full-url=\"http:\/\/paturpaysage.com\/wp-content\/uploads\/2021\/10\/IMG_1883-scaled.jpg\" data-link=\"http:\/\/paturpaysage.com\/index.php\/les-installations\/img_1883\/\" class=\"wp-image-393\" srcset=\"https:\/\/paturpaysage.com\/wp-content\/uploads\/2021\/10\/IMG_1883-1024x768.jpg 1024w, https:\/\/paturpaysage.com\/wp-content\/uploads\/2021\/10\/IMG_1883-300x225.jpg 300w, https:\/\/paturpaysage.com\/wp-content\/uploads\/2021\/10\/IMG_1883-768x576.jpg 768w, https:\/\/paturpaysage.com\/wp-content\/uploads\/2021\/10\/IMG_1883-1536x1152.jpg 1536w, https:\/\/paturpaysage.com\/wp-content\/uploads\/2021\/10\/IMG_1883-2048x1536.jpg 2048w, https:\/\/paturpaysage.com\/wp-content\/uploads\/2021\/10\/IMG_1883-1x1.jpg 1w\" sizes=\"(max-width: 1024px) 100vw, 1024px\" \/><\/figure><\/li><\/ul><\/figure>\n\n\n\n<p>Cl\u00f4ture classique : piquets et jambes de force en ch\u00e2taignier + grillage nou\u00e9 galva H1,20m \u00e0 maille d\u00e9gressive<\/p>\n\n\n\n<div style=\"height:24px\" aria-hidden=\"true\" class=\"wp-block-spacer\"><\/div>\n\n\n\n<figure class=\"wp-block-image size-large is-style-default\"><img loading=\"lazy\" width=\"1024\" height=\"754\" src=\"http:\/\/paturpaysage.com\/wp-content\/uploads\/2021\/10\/IMG_2456-1-1024x754.jpg\" alt=\"\" class=\"wp-image-307\" srcset=\"https:\/\/paturpaysage.com\/wp-content\/uploads\/2021\/10\/IMG_2456-1-1024x754.jpg 1024w, https:\/\/paturpaysage.com\/wp-content\/uploads\/2021\/10\/IMG_2456-1-300x221.jpg 300w, https:\/\/paturpaysage.com\/wp-content\/uploads\/2021\/10\/IMG_2456-1-768x566.jpg 768w, https:\/\/paturpaysage.com\/wp-content\/uploads\/2021\/10\/IMG_2456-1-1536x1131.jpg 1536w, https:\/\/paturpaysage.com\/wp-content\/uploads\/2021\/10\/IMG_2456-1-2048x1508.jpg 2048w, https:\/\/paturpaysage.com\/wp-content\/uploads\/2021\/10\/IMG_2456-1-1x1.jpg 1w\" sizes=\"(max-width: 1024px) 100vw, 1024px\" \/><\/figure>\n\n\n\n<p>Cl\u00f4ture classique avec lisses demi-rondes : piquets ch\u00e2taignier + lisses demi-rondes en pin trait\u00e9 (ici en imitation cr\u00e9osote) + grillage nou\u00e9 galva H1,20m \u00e0 maille d\u00e9gressive<\/p>\n\n\n\n<div style=\"height:20px\" aria-hidden=\"true\" class=\"wp-block-spacer\"><\/div>\n\n\n\n<figure class=\"wp-block-image size-large is-style-default\"><img loading=\"lazy\" width=\"1024\" height=\"768\" src=\"http:\/\/paturpaysage.com\/wp-content\/uploads\/2021\/10\/IMG_1896-1024x768.jpg\" alt=\"\" class=\"wp-image-396\" srcset=\"https:\/\/paturpaysage.com\/wp-content\/uploads\/2021\/10\/IMG_1896-1024x768.jpg 1024w, https:\/\/paturpaysage.com\/wp-content\/uploads\/2021\/10\/IMG_1896-300x225.jpg 300w, https:\/\/paturpaysage.com\/wp-content\/uploads\/2021\/10\/IMG_1896-768x576.jpg 768w, https:\/\/paturpaysage.com\/wp-content\/uploads\/2021\/10\/IMG_1896-1536x1152.jpg 1536w, https:\/\/paturpaysage.com\/wp-content\/uploads\/2021\/10\/IMG_1896-2048x1536.jpg 2048w, https:\/\/paturpaysage.com\/wp-content\/uploads\/2021\/10\/IMG_1896-1x1.jpg 1w\" sizes=\"(max-width: 1024px) 100vw, 1024px\" \/><\/figure>\n\n\n\n<p>Cl\u00f4ture style &#8220;\u00e9questre&#8221; : poteaux et lisses en pin trait\u00e9 (ici traitement au sel) + grillage nou\u00e9 galva H1,20m \u00e0 maille d\u00e9gressive<\/p>\n\n\n\n<div style=\"height:65px\" aria-hidden=\"true\" class=\"wp-block-spacer\"><\/div>\n\n\n\n<hr class=\"wp-block-separator\"\/>\n\n\n\n<div style=\"height:91px\" aria-hidden=\"true\" class=\"wp-block-spacer\"><\/div>\n\n\n\n<h2>Abreuvement<\/h2>\n\n\n\n<div style=\"height:20px\" aria-hidden=\"true\" class=\"wp-block-spacer\"><\/div>\n\n\n\n<figure class=\"wp-block-image size-large is-resized is-style-default\"><img loading=\"lazy\" src=\"http:\/\/paturpaysage.com\/wp-content\/uploads\/2021\/10\/IMG_1928-1024x797.jpg\" alt=\"\" class=\"wp-image-399\" width=\"599\" height=\"465\" srcset=\"https:\/\/paturpaysage.com\/wp-content\/uploads\/2021\/10\/IMG_1928-1024x797.jpg 1024w, https:\/\/paturpaysage.com\/wp-content\/uploads\/2021\/10\/IMG_1928-300x233.jpg 300w, https:\/\/paturpaysage.com\/wp-content\/uploads\/2021\/10\/IMG_1928-768x598.jpg 768w, https:\/\/paturpaysage.com\/wp-content\/uploads\/2021\/10\/IMG_1928-1536x1195.jpg 1536w, https:\/\/paturpaysage.com\/wp-content\/uploads\/2021\/10\/IMG_1928-2048x1594.jpg 2048w, https:\/\/paturpaysage.com\/wp-content\/uploads\/2021\/10\/IMG_1928-1x1.jpg 1w\" sizes=\"(max-width: 599px) 100vw, 599px\" \/><\/figure>\n\n\n\n<p>Lorsque l&#8217;installation d&#8217;un abreuvoir automatique branch\u00e9 sur r\u00e9seau n&#8217;est pas possible, nous disposons une bassine que nous venons contr\u00f4ler et remplir aussi souvent que n\u00e9cessaire. En \u00e9t\u00e9, l&#8217;eau est r\u00e9guli\u00e8rement remplac\u00e9e afin que les ch\u00e8vres disposent d&#8217;une eau fraiche et propre.<\/p>\n\n\n\n<div style=\"height:100px\" aria-hidden=\"true\" class=\"wp-block-spacer\"><\/div>\n\n\n\n<hr class=\"wp-block-separator\"\/>\n\n\n\n<p><\/p>\n","protected":false},"excerpt":{"rendered":"<p>Abri Cabane en kit confectionn\u00e9e par PATUR PAYSAGE Structure et planches en bois Douglas issu d&#8217;une scierie locale Toiture en t\u00f4le bac acier Cl\u00f4ture Cl\u00f4ture classique : piquets et jambes de force en ch\u00e2taignier + grillage nou\u00e9 galva H1,20m \u00e0 maille d\u00e9gressive Cl\u00f4ture classique avec lisses demi-rondes : piquets ch\u00e2taignier + lisses demi-rondes en pin [&hellip;]<\/p>\n","protected":false},"author":1,"featured_media":0,"parent":0,"menu_order":0,"comment_status":"closed","ping_status":"closed","template":"","meta":[],"_links":{"self":[{"href":"https:\/\/paturpaysage.com\/index.php\/wp-json\/wp\/v2\/pages\/200"}],"collection":[{"href":"https:\/\/paturpaysage.com\/index.php\/wp-json\/wp\/v2\/pages"}],"about":[{"href":"https:\/\/paturpaysage.com\/index.php\/wp-json\/wp\/v2\/types\/page"}],"author":[{"embeddable":true,"href":"https:\/\/paturpaysage.com\/index.php\/wp-json\/wp\/v2\/users\/1"}],"replies":[{"embeddable":true,"href":"https:\/\/paturpaysage.com\/index.php\/wp-json\/wp\/v2\/comments?post=200"}],"version-history":[{"count":8,"href":"https:\/\/paturpaysage.com\/index.php\/wp-json\/wp\/v2\/pages\/200\/revisions"}],"predecessor-version":[{"id":407,"href":"https:\/\/paturpaysage.com\/index.php\/wp-json\/wp\/v2\/pages\/200\/revisions\/407"}],"wp:attachment":[{"href":"https:\/\/paturpaysage.com\/index.php\/wp-json\/wp\/v2\/media?parent=200"}],"curies":[{"name":"wp","href":"https:\/\/api.w.org\/{rel}","templated":true}]}}