{"id":2,"date":"2021-09-26T21:52:40","date_gmt":"2021-09-26T19:52:40","guid":{"rendered":"http:\/\/paturpaysage.com\/?page_id=2"},"modified":"2024-10-19T15:58:54","modified_gmt":"2024-10-19T13:58:54","slug":"page-d-exemple","status":"publish","type":"page","link":"https:\/\/paturpaysage.com\/","title":{"rendered":""},"content":{"rendered":"\n<h2>Paysage &amp; Eco-p\u00e2turage <\/h2>\n\n\n\n<div style=\"height:20px\" aria-hidden=\"true\" class=\"wp-block-spacer\"><\/div>\n\n\n\n<p>Cr\u00e9\u00e9e en Avril 2021 par Elisabeth CHEVALLIER et Yohann AURY, la S.A.R.L. PATUR PAYSAGE, bas\u00e9e \u00e0 Souvign\u00e9-sur-M\u00eame pr\u00e8s de la Fert\u00e9-Bernard, propose ses services dans les domaines du Paysage et de l&#8217;Eco-p\u00e2turage.<\/p>\n\n\n\n<div style=\"height:20px\" aria-hidden=\"true\" class=\"wp-block-spacer\"><\/div>\n\n\n\n<p>Qui sont-ils? <\/p>\n\n\n\n<p>Elisabeth, est dipl\u00f4m\u00e9e d&#8217;un BAC+3 &#8220;Am\u00e9nagement Paysager sp\u00e9cialit\u00e9 conception paysag\u00e8re&#8221; et dispose de 6 ann\u00e9es d\u2019exp\u00e9rience comme responsable administrative &amp; commerciale chez un paysagiste. <\/p>\n\n\n\n<p>Yohann, 13 ann\u00e9es d\u2019exp\u00e9rience en temps que responsable de chantier dans une entreprise de paysage, est dipl\u00f4m\u00e9 d&#8217;un BEP &#8220;Am\u00e9nagement Paysager&#8221;.<\/p>\n\n\n\n<div style=\"height:28px\" aria-hidden=\"true\" class=\"wp-block-spacer\"><\/div>\n\n\n\n<figure class=\"wp-block-image size-large is-resized\"><img loading=\"lazy\" src=\"http:\/\/paturpaysage.com\/wp-content\/uploads\/2021\/09\/Elizabeth-Yohan-Goats-1-1024x576.jpg\" alt=\"\" class=\"wp-image-33\" width=\"773\" height=\"434\" srcset=\"https:\/\/paturpaysage.com\/wp-content\/uploads\/2021\/09\/Elizabeth-Yohan-Goats-1-1024x576.jpg 1024w, https:\/\/paturpaysage.com\/wp-content\/uploads\/2021\/09\/Elizabeth-Yohan-Goats-1-300x169.jpg 300w, https:\/\/paturpaysage.com\/wp-content\/uploads\/2021\/09\/Elizabeth-Yohan-Goats-1-768x432.jpg 768w, https:\/\/paturpaysage.com\/wp-content\/uploads\/2021\/09\/Elizabeth-Yohan-Goats-1-1536x864.jpg 1536w, https:\/\/paturpaysage.com\/wp-content\/uploads\/2021\/09\/Elizabeth-Yohan-Goats-1-2048x1152.jpg 2048w, https:\/\/paturpaysage.com\/wp-content\/uploads\/2021\/09\/Elizabeth-Yohan-Goats-1-1200x675.jpg 1200w, https:\/\/paturpaysage.com\/wp-content\/uploads\/2021\/09\/Elizabeth-Yohan-Goats-1-1980x1114.jpg 1980w\" sizes=\"(max-width: 773px) 100vw, 773px\" \/><figcaption><em>Yohann AURY &amp; Elisabeth CHEVALLIER avec leurs ch\u00e8vres du Rove<\/em><\/figcaption><\/figure>\n\n\n\n<div style=\"height:31px\" aria-hidden=\"true\" class=\"wp-block-spacer\"><\/div>\n\n\n\n<p>Patur Paysage, c&#8217;est :<\/p>\n\n\n\n<div style=\"height:20px\" aria-hidden=\"true\" class=\"wp-block-spacer\"><\/div>\n\n\n\n<ul><li><strong>L&#8217;\u00e9co-p\u00e2turage<\/strong> : mise \u00e0 disposition de ch\u00e8vres ou moutons pour p\u00e2turer l&#8217;herbe en alternative au broyage, fauchage ou tonte des pelouses. <\/li><\/ul>\n\n\n\n<p>&#8211;<\/p>\n\n\n\n<ul><li><strong>Conception paysag\u00e8re<\/strong> : \u00e9tude de jardin, (r\u00e9)am\u00e9nagement de jardins, \u00e9laboration de sch\u00e9ma, croquis, plans, chiffrage de projets<\/li><\/ul>\n\n\n\n<p>&#8211;<\/p>\n\n\n\n<ul><li><strong>Am\u00e9nagement paysager :<\/strong> R\u00e9am\u00e9nagement complet de jardin, am\u00e9nagement de devants de maisons, am\u00e9nagement de cours,all\u00e9es, parking, implantation de massifs,etc<\/li><\/ul>\n\n\n\n<p>&#8211;<\/p>\n\n\n\n<ul><li><strong>Cl\u00f4tures :<\/strong> Cl\u00f4tures r\u00e9sidentielles en panneaux soud\u00e9s avec ou sans occultation avec ou sans soubassement b\u00e9ton, cl\u00f4tures en grillage soud\u00e9, cl\u00f4ture en grillage simple torsion, cl\u00f4ture agricole en barbel\u00e9, cl\u00f4ture pour animaux en grillage nou\u00e9, cl\u00f4ture \u00e9questre en lisses bois trait\u00e9 style cr\u00e9osote, cl\u00f4ture \u00e9questre en bois douglas\/acacia\/ch\u00e2taignier, cl\u00f4ture \u00e0 chevaux en c\u00e2ble acier lisse, cl\u00f4ture \u00e0 chevaux \u00e9lectrique (ruban, fil, cordon, fil acier,&#8230;), cl\u00f4ture pour poulailler grillage \u00e0 poule, cl\u00f4ture en ganivelle (= \u00e9chalas de ch\u00e2taignier ou acacia), cl\u00f4ture b\u00e9ton, palissade bois, &#8230;<\/li><\/ul>\n\n\n\n<p>&#8211;<\/p>\n\n\n\n<ul><li><strong>Plantations :<\/strong> fourniture &amp; plantation de v\u00e9g\u00e9taux de toutes tailles et vari\u00e9t\u00e9s. De la plantation d&#8217;un seul sujet \u00e0 la r\u00e9alisation de massifs entiers, nous approvisionnons et plantons arbres, arbustes, vivaces, plantes grimpantes, rosiers, fruitiers,&#8230;<\/li><\/ul>\n\n\n\n<p>&#8211;<\/p>\n\n\n\n<ul><li><strong>Engazonnements<\/strong> : r\u00e9fection totale ou partielle, nous transformons votre vieille pelouse en gazon par semis traditionnel de graines ou pose de gazon en plaques (gazon de placage). Nous pouvons \u00e9galement r\u00e9ensemencer vos prairies, installer une jach\u00e8re fleurie, ensemencer des zones carrossables,..<\/li><\/ul>\n\n\n\n<p>&#8211;<\/p>\n\n\n\n<ul><li><strong>Terrassement : <\/strong>empierrement de cour\/parking\/ all\u00e9es,  cr\u00e9ation de tranch\u00e9es pour passages de r\u00e9seaux<\/li><\/ul>\n\n\n\n<p>&#8211;<\/p>\n\n\n\n<ul><li><strong>Travaux de b\u00fbcheronnage :  <\/strong>abattage d&#8217;arbres, \u00e9lagage d&#8217;arbres, abattage de haies, rognage de souches, arrachage de souches broyage de branches, etc<\/li><\/ul>\n\n\n\n<p>&#8211;<\/p>\n\n\n\n<ul><li><strong>Remise en \u00e9tat :<\/strong> jardins\/terrains laiss\u00e9s \u00e0 l&#8217;abandon, nous intervenons pour nettoyer et remettre en \u00e9tat les terrains laiss\u00e9s en friche<\/li><\/ul>\n\n\n\n<p>&#8211;<\/p>\n\n\n\n<ul><li><strong>L&#8217;entretien de votre propri\u00e9t\u00e9 <\/strong>: sous forme de contrat annuel ou d&#8217;intervention ponctuelle, nous assurons la tonte des pelouses, le ramassage des feuilles, la taille des haies, la tailles des arbustes, la taille de fruitiers, le d\u00e9sherbage des massifs, le d\u00e9sherbage de cours\/all\u00e9es\/parking, le labour\/b\u00eachage du potager,etc<\/li><\/ul>\n\n\n\n<figure class=\"wp-block-image size-large is-resized is-style-default\"><img loading=\"lazy\" src=\"http:\/\/paturpaysage.com\/wp-content\/uploads\/2021\/10\/jardecor-service-a-la-personne.jpg\" alt=\"\" class=\"wp-image-374\" width=\"649\" height=\"350\" srcset=\"https:\/\/paturpaysage.com\/wp-content\/uploads\/2021\/10\/jardecor-service-a-la-personne.jpg 600w, https:\/\/paturpaysage.com\/wp-content\/uploads\/2021\/10\/jardecor-service-a-la-personne-300x162.jpg 300w, https:\/\/paturpaysage.com\/wp-content\/uploads\/2021\/10\/jardecor-service-a-la-personne-1x1.jpg 1w\" sizes=\"(max-width: 649px) 100vw, 649px\" \/><\/figure>\n\n\n\n<div style=\"height:100px\" aria-hidden=\"true\" class=\"wp-block-spacer\"><\/div>\n\n\n\n<hr class=\"wp-block-separator\"\/>\n","protected":false},"excerpt":{"rendered":"<p>Paysage &amp; Eco-p\u00e2turage Cr\u00e9\u00e9e en Avril 2021 par Elisabeth CHEVALLIER et Yohann AURY, la S.A.R.L. PATUR PAYSAGE, bas\u00e9e \u00e0 Souvign\u00e9-sur-M\u00eame pr\u00e8s de la Fert\u00e9-Bernard, propose ses services dans les domaines du Paysage et de l&#8217;Eco-p\u00e2turage. Qui sont-ils? Elisabeth, est dipl\u00f4m\u00e9e d&#8217;un BAC+3 &#8220;Am\u00e9nagement Paysager sp\u00e9cialit\u00e9 conception paysag\u00e8re&#8221; et dispose de 6 ann\u00e9es d\u2019exp\u00e9rience comme responsable [&hellip;]<\/p>\n","protected":false},"author":1,"featured_media":0,"parent":0,"menu_order":0,"comment_status":"closed","ping_status":"open","template":"","meta":[],"_links":{"self":[{"href":"https:\/\/paturpaysage.com\/index.php\/wp-json\/wp\/v2\/pages\/2"}],"collection":[{"href":"https:\/\/paturpaysage.com\/index.php\/wp-json\/wp\/v2\/pages"}],"about":[{"href":"https:\/\/paturpaysage.com\/index.php\/wp-json\/wp\/v2\/types\/page"}],"author":[{"embeddable":true,"href":"https:\/\/paturpaysage.com\/index.php\/wp-json\/wp\/v2\/users\/1"}],"replies":[{"embeddable":true,"href":"https:\/\/paturpaysage.com\/index.php\/wp-json\/wp\/v2\/comments?post=2"}],"version-history":[{"count":53,"href":"https:\/\/paturpaysage.com\/index.php\/wp-json\/wp\/v2\/pages\/2\/revisions"}],"predecessor-version":[{"id":676,"href":"https:\/\/paturpaysage.com\/index.php\/wp-json\/wp\/v2\/pages\/2\/revisions\/676"}],"wp:attachment":[{"href":"https:\/\/paturpaysage.com\/index.php\/wp-json\/wp\/v2\/media?parent=2"}],"curies":[{"name":"wp","href":"https:\/\/api.w.org\/{rel}","templated":true}]}}