{"id":194,"date":"2021-09-27T21:55:53","date_gmt":"2021-09-27T19:55:53","guid":{"rendered":"http:\/\/paturpaysage.com\/?page_id=194"},"modified":"2023-01-13T21:08:28","modified_gmt":"2023-01-13T20:08:28","slug":"elagage-abattage","status":"publish","type":"page","link":"https:\/\/paturpaysage.com\/index.php\/elagage-abattage\/","title":{"rendered":"Abattage \/ Elagage \/ Rognage \/ Broyage \/ &#8230;"},"content":{"rendered":"\n<div style=\"height:20px\" aria-hidden=\"true\" class=\"wp-block-spacer\"><\/div>\n\n\n\n<hr class=\"wp-block-separator\"\/>\n\n\n\n<div style=\"height:27px\" aria-hidden=\"true\" class=\"wp-block-spacer\"><\/div>\n\n\n\n<p>Nous nous tenons \u00e0 votre disposition pour tous travaux de b\u00fbcheronnage : abattage d&#8217;arbres, abattage de haies, \u00e9lagage d&#8217;arbres, rognage ou arrachage de souches,  broyage de branches, &#8230;<\/p>\n\n\n\n<div style=\"height:75px\" aria-hidden=\"true\" class=\"wp-block-spacer\"><\/div>\n\n\n\n<figure class=\"wp-block-gallery columns-3 is-cropped\"><ul class=\"blocks-gallery-grid\"><li class=\"blocks-gallery-item\"><figure><img loading=\"lazy\" width=\"768\" height=\"1024\" src=\"http:\/\/paturpaysage.com\/wp-content\/uploads\/2023\/01\/IMG_3760-768x1024.jpg\" alt=\"\" data-id=\"653\" data-full-url=\"http:\/\/paturpaysage.com\/wp-content\/uploads\/2023\/01\/IMG_3760-scaled.jpg\" data-link=\"http:\/\/paturpaysage.com\/index.php\/elagage-abattage\/img_3760\/\" class=\"wp-image-653\" srcset=\"https:\/\/paturpaysage.com\/wp-content\/uploads\/2023\/01\/IMG_3760-768x1024.jpg 768w, https:\/\/paturpaysage.com\/wp-content\/uploads\/2023\/01\/IMG_3760-225x300.jpg 225w, https:\/\/paturpaysage.com\/wp-content\/uploads\/2023\/01\/IMG_3760-1152x1536.jpg 1152w, https:\/\/paturpaysage.com\/wp-content\/uploads\/2023\/01\/IMG_3760-1536x2048.jpg 1536w, https:\/\/paturpaysage.com\/wp-content\/uploads\/2023\/01\/IMG_3760-1x1.jpg 1w, https:\/\/paturpaysage.com\/wp-content\/uploads\/2023\/01\/IMG_3760-scaled.jpg 1920w\" sizes=\"(max-width: 768px) 100vw, 768px\" \/><\/figure><\/li><li class=\"blocks-gallery-item\"><figure><img loading=\"lazy\" width=\"768\" height=\"1024\" src=\"http:\/\/paturpaysage.com\/wp-content\/uploads\/2023\/01\/IMG_3770-768x1024.jpg\" alt=\"\" data-id=\"654\" data-full-url=\"http:\/\/paturpaysage.com\/wp-content\/uploads\/2023\/01\/IMG_3770-scaled.jpg\" data-link=\"http:\/\/paturpaysage.com\/index.php\/elagage-abattage\/img_3770\/\" class=\"wp-image-654\" srcset=\"https:\/\/paturpaysage.com\/wp-content\/uploads\/2023\/01\/IMG_3770-768x1024.jpg 768w, https:\/\/paturpaysage.com\/wp-content\/uploads\/2023\/01\/IMG_3770-225x300.jpg 225w, https:\/\/paturpaysage.com\/wp-content\/uploads\/2023\/01\/IMG_3770-1152x1536.jpg 1152w, https:\/\/paturpaysage.com\/wp-content\/uploads\/2023\/01\/IMG_3770-1536x2048.jpg 1536w, https:\/\/paturpaysage.com\/wp-content\/uploads\/2023\/01\/IMG_3770-1x1.jpg 1w, https:\/\/paturpaysage.com\/wp-content\/uploads\/2023\/01\/IMG_3770-scaled.jpg 1920w\" sizes=\"(max-width: 768px) 100vw, 768px\" \/><\/figure><\/li><li class=\"blocks-gallery-item\"><figure><img loading=\"lazy\" width=\"768\" height=\"1024\" src=\"http:\/\/paturpaysage.com\/wp-content\/uploads\/2023\/01\/IMG_3775-768x1024.jpg\" alt=\"\" data-id=\"655\" data-full-url=\"http:\/\/paturpaysage.com\/wp-content\/uploads\/2023\/01\/IMG_3775-scaled.jpg\" data-link=\"http:\/\/paturpaysage.com\/index.php\/elagage-abattage\/img_3775\/\" class=\"wp-image-655\" srcset=\"https:\/\/paturpaysage.com\/wp-content\/uploads\/2023\/01\/IMG_3775-768x1024.jpg 768w, https:\/\/paturpaysage.com\/wp-content\/uploads\/2023\/01\/IMG_3775-225x300.jpg 225w, https:\/\/paturpaysage.com\/wp-content\/uploads\/2023\/01\/IMG_3775-1152x1536.jpg 1152w, https:\/\/paturpaysage.com\/wp-content\/uploads\/2023\/01\/IMG_3775-1536x2048.jpg 1536w, https:\/\/paturpaysage.com\/wp-content\/uploads\/2023\/01\/IMG_3775-1x1.jpg 1w, https:\/\/paturpaysage.com\/wp-content\/uploads\/2023\/01\/IMG_3775-scaled.jpg 1920w\" sizes=\"(max-width: 768px) 100vw, 768px\" \/><\/figure><\/li><\/ul><figcaption class=\"blocks-gallery-caption\">Abattage par d\u00e9montage <\/figcaption><\/figure>\n\n\n\n<div style=\"height:95px\" aria-hidden=\"true\" class=\"wp-block-spacer\"><\/div>\n\n\n\n<figure class=\"wp-block-gallery columns-1 is-cropped\"><ul class=\"blocks-gallery-grid\"><li class=\"blocks-gallery-item\"><figure><img loading=\"lazy\" width=\"1024\" height=\"768\" src=\"http:\/\/paturpaysage.com\/wp-content\/uploads\/2021\/10\/IMG_2157-1024x768.jpg\" alt=\"\" data-id=\"449\" data-full-url=\"http:\/\/paturpaysage.com\/wp-content\/uploads\/2021\/10\/IMG_2157-scaled.jpg\" data-link=\"http:\/\/paturpaysage.com\/index.php\/elagage-abattage\/img_2157\/\" class=\"wp-image-449\" srcset=\"https:\/\/paturpaysage.com\/wp-content\/uploads\/2021\/10\/IMG_2157-1024x768.jpg 1024w, https:\/\/paturpaysage.com\/wp-content\/uploads\/2021\/10\/IMG_2157-300x225.jpg 300w, https:\/\/paturpaysage.com\/wp-content\/uploads\/2021\/10\/IMG_2157-768x576.jpg 768w, https:\/\/paturpaysage.com\/wp-content\/uploads\/2021\/10\/IMG_2157-1536x1152.jpg 1536w, https:\/\/paturpaysage.com\/wp-content\/uploads\/2021\/10\/IMG_2157-2048x1536.jpg 2048w, https:\/\/paturpaysage.com\/wp-content\/uploads\/2021\/10\/IMG_2157-1x1.jpg 1w\" sizes=\"(max-width: 1024px) 100vw, 1024px\" \/><\/figure><\/li><\/ul><figcaption class=\"blocks-gallery-caption\"><em>Abattage simple<\/em><\/figcaption><\/figure>\n\n\n\n<div style=\"height:82px\" aria-hidden=\"true\" class=\"wp-block-spacer\"><\/div>\n\n\n\n<p><\/p>\n\n\n\n<figure class=\"wp-block-gallery columns-2 is-cropped\"><ul class=\"blocks-gallery-grid\"><li class=\"blocks-gallery-item\"><figure><img loading=\"lazy\" width=\"756\" height=\"1008\" src=\"http:\/\/paturpaysage.com\/wp-content\/uploads\/2021\/10\/IMG_2479.jpg\" alt=\"\" data-id=\"447\" data-full-url=\"http:\/\/paturpaysage.com\/wp-content\/uploads\/2021\/10\/IMG_2479.jpg\" data-link=\"http:\/\/paturpaysage.com\/index.php\/elagage-abattage\/img_2479\/\" class=\"wp-image-447\" srcset=\"https:\/\/paturpaysage.com\/wp-content\/uploads\/2021\/10\/IMG_2479.jpg 756w, https:\/\/paturpaysage.com\/wp-content\/uploads\/2021\/10\/IMG_2479-225x300.jpg 225w, https:\/\/paturpaysage.com\/wp-content\/uploads\/2021\/10\/IMG_2479-1x1.jpg 1w\" sizes=\"(max-width: 756px) 100vw, 756px\" \/><\/figure><\/li><li class=\"blocks-gallery-item\"><figure><img loading=\"lazy\" width=\"756\" height=\"1008\" src=\"http:\/\/paturpaysage.com\/wp-content\/uploads\/2021\/10\/IMG_2480.jpg\" alt=\"\" data-id=\"448\" data-full-url=\"http:\/\/paturpaysage.com\/wp-content\/uploads\/2021\/10\/IMG_2480.jpg\" data-link=\"http:\/\/paturpaysage.com\/index.php\/elagage-abattage\/img_2480\/\" class=\"wp-image-448\" srcset=\"https:\/\/paturpaysage.com\/wp-content\/uploads\/2021\/10\/IMG_2480.jpg 756w, https:\/\/paturpaysage.com\/wp-content\/uploads\/2021\/10\/IMG_2480-225x300.jpg 225w, https:\/\/paturpaysage.com\/wp-content\/uploads\/2021\/10\/IMG_2480-1x1.jpg 1w\" sizes=\"(max-width: 756px) 100vw, 756px\" \/><\/figure><\/li><\/ul><figcaption class=\"blocks-gallery-caption\"><em>D\u00e9montage et \u00e9lagage d&#8217;arbres par nacelle<\/em><\/figcaption><\/figure>\n\n\n\n<div style=\"height:100px\" aria-hidden=\"true\" class=\"wp-block-spacer\"><\/div>\n\n\n\n<figure class=\"wp-block-gallery columns-2 is-cropped\"><ul class=\"blocks-gallery-grid\"><li class=\"blocks-gallery-item\"><figure><img loading=\"lazy\" width=\"1024\" height=\"768\" src=\"http:\/\/paturpaysage.com\/wp-content\/uploads\/2021\/10\/IMG_1856-1024x768.jpg\" alt=\"\" data-id=\"444\" data-full-url=\"http:\/\/paturpaysage.com\/wp-content\/uploads\/2021\/10\/IMG_1856-scaled.jpg\" data-link=\"http:\/\/paturpaysage.com\/index.php\/elagage-abattage\/img_1856\/\" class=\"wp-image-444\" srcset=\"https:\/\/paturpaysage.com\/wp-content\/uploads\/2021\/10\/IMG_1856-1024x768.jpg 1024w, https:\/\/paturpaysage.com\/wp-content\/uploads\/2021\/10\/IMG_1856-300x225.jpg 300w, https:\/\/paturpaysage.com\/wp-content\/uploads\/2021\/10\/IMG_1856-768x576.jpg 768w, https:\/\/paturpaysage.com\/wp-content\/uploads\/2021\/10\/IMG_1856-1536x1152.jpg 1536w, https:\/\/paturpaysage.com\/wp-content\/uploads\/2021\/10\/IMG_1856-2048x1536.jpg 2048w, https:\/\/paturpaysage.com\/wp-content\/uploads\/2021\/10\/IMG_1856-1x1.jpg 1w\" sizes=\"(max-width: 1024px) 100vw, 1024px\" \/><\/figure><\/li><li class=\"blocks-gallery-item\"><figure><img loading=\"lazy\" width=\"1024\" height=\"768\" src=\"http:\/\/paturpaysage.com\/wp-content\/uploads\/2021\/10\/IMG_1857-1024x768.jpg\" alt=\"\" data-id=\"445\" data-full-url=\"http:\/\/paturpaysage.com\/wp-content\/uploads\/2021\/10\/IMG_1857-scaled.jpg\" data-link=\"http:\/\/paturpaysage.com\/index.php\/elagage-abattage\/img_1857\/\" class=\"wp-image-445\" srcset=\"https:\/\/paturpaysage.com\/wp-content\/uploads\/2021\/10\/IMG_1857-1024x768.jpg 1024w, https:\/\/paturpaysage.com\/wp-content\/uploads\/2021\/10\/IMG_1857-300x225.jpg 300w, https:\/\/paturpaysage.com\/wp-content\/uploads\/2021\/10\/IMG_1857-768x576.jpg 768w, https:\/\/paturpaysage.com\/wp-content\/uploads\/2021\/10\/IMG_1857-1536x1152.jpg 1536w, https:\/\/paturpaysage.com\/wp-content\/uploads\/2021\/10\/IMG_1857-2048x1536.jpg 2048w, https:\/\/paturpaysage.com\/wp-content\/uploads\/2021\/10\/IMG_1857-1x1.jpg 1w\" sizes=\"(max-width: 1024px) 100vw, 1024px\" \/><\/figure><\/li><\/ul><figcaption class=\"blocks-gallery-caption\"><em>Rognage d&#8217;une \u00e9paisse souche de trogne de ch\u00eane<\/em><\/figcaption><\/figure>\n\n\n\n<div style=\"height:100px\" aria-hidden=\"true\" class=\"wp-block-spacer\"><\/div>\n\n\n\n<hr class=\"wp-block-separator\"\/>\n\n\n\n<p><\/p>\n","protected":false},"excerpt":{"rendered":"<p>Nous nous tenons \u00e0 votre disposition pour tous travaux de b\u00fbcheronnage : abattage d&#8217;arbres, abattage de haies, \u00e9lagage d&#8217;arbres, rognage ou arrachage de souches, broyage de branches, &#8230;<\/p>\n","protected":false},"author":1,"featured_media":0,"parent":0,"menu_order":0,"comment_status":"closed","ping_status":"closed","template":"","meta":[],"_links":{"self":[{"href":"https:\/\/paturpaysage.com\/index.php\/wp-json\/wp\/v2\/pages\/194"}],"collection":[{"href":"https:\/\/paturpaysage.com\/index.php\/wp-json\/wp\/v2\/pages"}],"about":[{"href":"https:\/\/paturpaysage.com\/index.php\/wp-json\/wp\/v2\/types\/page"}],"author":[{"embeddable":true,"href":"https:\/\/paturpaysage.com\/index.php\/wp-json\/wp\/v2\/users\/1"}],"replies":[{"embeddable":true,"href":"https:\/\/paturpaysage.com\/index.php\/wp-json\/wp\/v2\/comments?post=194"}],"version-history":[{"count":16,"href":"https:\/\/paturpaysage.com\/index.php\/wp-json\/wp\/v2\/pages\/194\/revisions"}],"predecessor-version":[{"id":658,"href":"https:\/\/paturpaysage.com\/index.php\/wp-json\/wp\/v2\/pages\/194\/revisions\/658"}],"wp:attachment":[{"href":"https:\/\/paturpaysage.com\/index.php\/wp-json\/wp\/v2\/media?parent=194"}],"curies":[{"name":"wp","href":"https:\/\/api.w.org\/{rel}","templated":true}]}}